{"id":196,"date":"2015-01-17T23:23:16","date_gmt":"2015-01-17T22:23:16","guid":{"rendered":"http:\/\/christophlowis.com\/?page_id=196"},"modified":"2020-03-07T23:16:38","modified_gmt":"2020-03-07T22:16:38","slug":"termine-2014-2","status":"publish","type":"page","link":"http:\/\/christophlowis.com\/?page_id=196","title":{"rendered":"Termine 2014"},"content":{"rendered":"<p><strong>Mittwoch, 1. Januar 2014, 17.00 Uhr<br \/>\n<\/strong><strong>Erlinsbach<br \/>\n<\/strong><strong>katholische Pfarrkirche&nbsp;<\/strong><\/p>\n<p>Neujahrskonzert<br \/>\nder Nussknacker von P. I. Tschaikowski<br \/>\nein vierh\u00e4ndiges und vierf\u00fcssiges Orgelkonzert<br \/>\nMonika Stasiuk\u0117nait\u0117 und&nbsp;Christoph Lowis, Orgel<\/p>\n<p>&nbsp;<\/p>\n<p><strong>Dienstag, 21. Januar 2014, 19.30 Uhr<\/strong><br \/>\n<strong>Basel<br \/>\nPauluskirche&nbsp;<\/strong><\/p>\n<p>Klassenkonzert<br \/>\nder Orgelklasse Martin Sander<\/p>\n<p>&nbsp;<\/p>\n<p><strong>Sonntag, 9. Februar 2014, 17.00 Uhr<\/strong><br \/>\n<strong>B\u00fcren an der Aare<\/strong><br \/>\n<strong>reformierte Kirche<\/strong><\/p>\n<p>Wort &amp; Musik<br \/>\nliturgische Abendfeier<br \/>\nPsalmvertonungen vierh\u00e4ndig und vierf\u00fcssig, u.a. G.Merkel<br \/>\nMonika Stasiuk\u0117nait\u0117 und&nbsp;Christoph Lowis, Orgel<\/p>\n<p>&nbsp;<\/p>\n<p><strong>Dienstag, 17. Juni 2014, 17.30 Uhr<\/strong><br \/>\n<strong>Basel<\/strong><br \/>\n<strong>Pauluskirche&nbsp;<\/strong><\/p>\n<p>Masterrezital<br \/>\nWerke von J. Reubke, O. Messiaen, M. Reger und M. Durufl\u00e9<br \/>\nChristoph Lowis, Orgel<\/p>\n<p>&nbsp;<\/p>\n<p><strong>Freitag, 1. August 2014, 18.15 Uhr<\/strong><br \/>\n<strong>Basel<\/strong><br \/>\n<strong>Leonhardskirche&nbsp;<\/strong><\/p>\n<p>Orgelspiel zum Feierabend<br \/>\nWerke von J. S. Bach, F. Mendelssohn, Hermann Schroeder und&nbsp;Improvisationen<br \/>\nChristoph Lowis, Orgel<\/p>\n<p>&nbsp;<\/p>\n<p><strong>Mittwoch, 5. November 2014, 12.00 Uhr<br \/>\n<\/strong><strong>Basel<br \/>\n<\/strong><strong>Elisabethenkirche&nbsp;<\/strong><\/p>\n<p style=\"text-align: left;\">mimiko &#8211; mittwochs.mittags.konzert<br \/>\nWerke von J. Brahms und F. Mendelssohn&nbsp;<a href=\"http:\/\/christophlowis.com\/wp-content\/uploads\/2014\/04\/Programm-Mimiko-5.-November-2014-1.pdf\">\u21d2 Programm<\/a><br \/>\nChristoph Lowis, Orgel<\/p>\n<p>&nbsp;<\/p>\n<p><strong>Ewigkeitssonntag, 23. November 2014, 9.30 Uhr<br \/>\n<\/strong><strong>Gondiswil<br \/>\n<\/strong><strong>Kirche&nbsp;<\/strong><\/p>\n<p>Gottesdienst mit dem Kirchenchor Melchnau<br \/>\nWerke von J. S. Bach, W. A. Mozart, F. Schubert<br \/>\nChristoph Lowis, Leitung<\/p>\n<p>&nbsp;<\/p>\n<p><strong>Sonntag, 21. Dezember 2014, 17.00 Uhr<br \/>\n<\/strong><strong>Oberglatt ZH<br \/>\n<\/strong><strong>Reformierte Kirche&nbsp;<\/strong><\/p>\n<p>KinderSingProjekt<br \/>\nAdventslieder mit Kindern aus der Kirchgemeinde<br \/>\nChristoph Lowis, Leitung<\/p>\n<p>&nbsp;<\/p>\n<p><strong>Mittwoch, 24. Dezember 2014, 22.30 Uhr<br \/>\n<\/strong><strong>Melchnau<br \/>\n<\/strong><strong>Reformierte Kirche&nbsp;<\/strong><\/p>\n<p>Christnachtfeier<br \/>\nWerke von Dupr\u00e9, Brahms, Heizmann und Bach<br \/>\nKantate mit Blechbl\u00e4sern<br \/>\nChristoph Lowis, Leitung und Orgel<\/p>\n<p>&nbsp;<\/p>\n","protected":false},"excerpt":{"rendered":"<p>Mittwoch, 1. Januar 2014, 17.00 Uhr Erlinsbach katholische Pfarrkirche&nbsp; Neujahrskonzert der Nussknacker von P. I. Tschaikowski ein vierh\u00e4ndiges und vierf\u00fcssiges Orgelkonzert Monika Stasiuk\u0117nait\u0117 und&nbsp;Christoph Lowis, Orgel &nbsp; Dienstag, 21. Januar 2014, 19.30 Uhr Basel Pauluskirche&nbsp; Klassenkonzert der Orgelklasse Martin Sander &nbsp; Sonntag, 9. Februar 2014, 17.00 Uhr B\u00fcren an der Aare reformierte Kirche Wort &amp; [&hellip;]<\/p>\n","protected":false},"author":1,"featured_media":0,"parent":0,"menu_order":0,"comment_status":"closed","ping_status":"open","template":"","meta":{"footnotes":""},"class_list":["post-196","page","type-page","status-publish","hentry"],"_links":{"self":[{"href":"http:\/\/christophlowis.com\/index.php?rest_route=\/wp\/v2\/pages\/196","targetHints":{"allow":["GET"]}}],"collection":[{"href":"http:\/\/christophlowis.com\/index.php?rest_route=\/wp\/v2\/pages"}],"about":[{"href":"http:\/\/christophlowis.com\/index.php?rest_route=\/wp\/v2\/types\/page"}],"author":[{"embeddable":true,"href":"http:\/\/christophlowis.com\/index.php?rest_route=\/wp\/v2\/users\/1"}],"replies":[{"embeddable":true,"href":"http:\/\/christophlowis.com\/index.php?rest_route=%2Fwp%2Fv2%2Fcomments&post=196"}],"version-history":[{"count":2,"href":"http:\/\/christophlowis.com\/index.php?rest_route=\/wp\/v2\/pages\/196\/revisions"}],"predecessor-version":[{"id":310,"href":"http:\/\/christophlowis.com\/index.php?rest_route=\/wp\/v2\/pages\/196\/revisions\/310"}],"wp:attachment":[{"href":"http:\/\/christophlowis.com\/index.php?rest_route=%2Fwp%2Fv2%2Fmedia&parent=196"}],"curies":[{"name":"wp","href":"https:\/\/api.w.org\/{rel}","templated":true}]}}