{"id":272,"date":"2020-03-07T22:01:51","date_gmt":"2020-03-07T21:01:51","guid":{"rendered":"http:\/\/christophlowis.com\/?page_id=272"},"modified":"2020-03-07T22:05:42","modified_gmt":"2020-03-07T21:05:42","slug":"termine-2017","status":"publish","type":"page","link":"http:\/\/christophlowis.com\/?page_id=272","title":{"rendered":"Termine 2017"},"content":{"rendered":"\n<p><strong>Sonntag, 8. Januar 2017, 9.15 Uhr<br><\/strong><strong>Frauenfeld<br><\/strong><strong>Evangelische Stadtkirche&nbsp;<\/strong><\/p>\n\n\n\n<p>Gottesdienst mit besonderer musikalischer Gestaltung<br>Werke von: J. S. Bach,&nbsp;R. Strauss und P. Cornelius<br>Davide Fior, Tenor<br>Christoph Lowis, Orgel<\/p>\n\n\n\n<p><strong>Sonntag, 15. Januar 2017, 9.30 Uhr<br><\/strong><strong>Gondiswil<br>Kirchgemeindehaus<\/strong><\/p>\n\n\n\n<p>Gottesdienst<br>Kirchenchor Melchnau<br>Christoph Lowis, Leitung<\/p>\n\n\n\n<p><strong>Sonntag, 12. Februar&nbsp;2017, 9.15 Uhr<br><\/strong><strong>Frauenfeld<br><\/strong><strong>Evangelische Stadtkirche&nbsp;<\/strong><\/p>\n\n\n\n<p>Gottesdienst mit besonderer musikalischer Gestaltung<br>Werke von:&nbsp;W. A. Mozart, F. Kuhlau und C. Saint-Sa\u00ebns<br>Vreni K\u00fchnle, Horn<br>Christoph Lowis, Orgel<\/p>\n\n\n\n<p><strong>Sonntag, 19. Februar&nbsp;2017, 9.30 Uhr<br><\/strong><strong>Melchnau<br><\/strong><strong>Reformierte Kirche&nbsp;<\/strong><\/p>\n\n\n\n<p>Gottesdienst<br>Kirchenchor Melchnau<br>Christoph Lowis, Leitung<\/p>\n\n\n\n<p><strong>Sonntag, 12. M\u00e4rz&nbsp;2017, 9.15 Uhr<br><\/strong><strong>Frauenfeld<br><\/strong><strong>Evangelische Stadtkirche&nbsp;<\/strong><\/p>\n\n\n\n<p>Gottesdienst mit besonderer musikalischer Gestaltung<br>Werke von: Franz Liszt, Peter Tschaikowsky und Alexandre Guilmant<br>Arwed Peem\u00f6ller, Bassposaune<br>Christoph Lowis, Orgel<\/p>\n\n\n\n<p><strong>Sonntag, 19. M\u00e4rz&nbsp;2017, 17.00 Uhr<br>Sonntag, 26. M\u00e4rz&nbsp;2017, 17.00 Uhr<br><\/strong><strong>Frauenfeld<br><\/strong><strong>Evangelische Stadtkirche&nbsp;<\/strong><\/p>\n\n\n\n<p>John Rutter, Magnificat<br>Camerata Schweiz<br>Frauenfelder Oratorienchor<br>Christian Dillig, Leitung<br>Christoph Lowis, Orgel<\/p>\n\n\n\n<p><strong>Sonntag, 26. M\u00e4rz 2017, 9.30 Uhr<br><\/strong><strong>Gondiswil<br>Kirchgemeindehaus<\/strong><\/p>\n\n\n\n<p>Gottesdienst<br>Kirchenchor Melchnau<br>Christoph Lowis, Leitung<\/p>\n\n\n\n<p><strong>Sonntag, 2. April&nbsp;2017, 9.15 Uhr<br><\/strong><strong>Frauenfeld<br><\/strong><strong>Evangelische Stadtkirche&nbsp;<\/strong><\/p>\n\n\n\n<p>Gottesdienst mit besonderer musikalischer Gestaltung<br>Werke&nbsp;zur Passionszeit von Jean Alain<br>Yvonne Br\u00fchwiler, Querfl\u00f6te<br>Christoph Lowis, Orgel<\/p>\n\n\n\n<p><strong>Ostersonntag, 16.&nbsp;April&nbsp;2017, 10.00 Uhr<br><\/strong><strong>Frauenfeld<br><\/strong><strong>Evangelische Stadtkirche&nbsp;<\/strong><\/p>\n\n\n\n<p>Gottesdienst mit besonderer musikalischer Gestaltung<br>J. S. Bach: Erfreut euch, ihr Herzen, BWV 66<br>Kirchenchor, Orchester und Solsten<br>Leitung: Tabea Sch\u00f6ll<br>Christoph Lowis, Continuo und Orgel<\/p>\n\n\n\n<p><strong>Sonntag, 7. Mai&nbsp;2017, 17.30 Uhr<br><\/strong><strong>Frauenfeld&nbsp;Oberkirch<br>Kirche St. Laurentius&nbsp;<\/strong><\/p>\n\n\n\n<p>Wort und Musik<br>Werke&nbsp;zur Sch\u00f6pfung und zur Natur<br>Debora B\u00fcttner, Mezzosopran<br>Christoph Lowis, Orgel<\/p>\n\n\n\n<p><strong>Sonntag, 14. Mai&nbsp;2017, 9.15 Uhr<br><\/strong><strong>Frauenfeld<br><\/strong><strong>Evangelische Stadtkirche&nbsp;<\/strong><\/p>\n\n\n\n<p>Gottesdienst mit besonderer musikalischer Gestaltung<br>Werke von:&nbsp;H. I. F. .Biber: &#8218;Auferstehung Christi&#8216;, J. G. Herzog und Z. G\u00e1rdonyi<br>Karin Keiser-Mazenauer<br>Christoph Lowis, Orgel<\/p>\n\n\n\n<p><strong>Samstag, 27. Mai 2017, 20.00 Uhr<br>Sonntag, 28. Mai&nbsp;2017, 20.00 Uhr<br><\/strong><strong>Melchnau<br><\/strong><strong>Reformierte Kirche&nbsp;<\/strong><\/p>\n\n\n\n<p>Chorkonzert<br>Kirchenchor Melchnau<br>Christoph Lowis, Leitung<\/p>\n\n\n\n<p><strong>Pfingstsonntag, 4. Juni&nbsp;2017, 9.15 Uhr<br><\/strong><strong>Frauenfeld<br><\/strong><strong>Evangelische Stadtkirche&nbsp;<\/strong><\/p>\n\n\n\n<p>Gottesdienst mit besonderer musikalischer Gestaltung<br>Werke von:&nbsp;J.-J. Mouret, J. S. Bach, G. Holst, J. Pachelbel und S. Scheidt<br>Ostschweizer Brass Ensemble<br>Christoph Lowis, Orgel<\/p>\n\n\n\n<p><strong>Sonntag, 11. Juni 2017, 17.30 Uhr<br><\/strong><strong>Frauenfeld&nbsp;Oberkirch<br>Kirche St. Laurentius&nbsp;<\/strong><\/p>\n\n\n\n<p>Wort und Musik<br>Werke&nbsp;von:&nbsp;Wolfgang Amadeus Mozart und Johann Sebastian Bach<br>Josephin Peem\u00f6ller, Violine<br>Christoph Lowis, Orgel<\/p>\n\n\n\n<p><strong>Dienstag, 13. Juni&nbsp;2017, 17.30 Uhr<br><\/strong><strong>Basel<br>Pauluskirche<\/strong><\/p>\n\n\n\n<p>Max Reger, op 52<br>Nr. 1: Fantasie \u00fcber den Choral Alle Menschen m\u00fcssen sterben<br>Nr. 2: Fantasie \u00fcber den Choral \u201eWachet auf, ruft uns die Stimme\u201c<br>Nr. 3: Fantasie \u00fcber den Choral Halleluja! Gott zu loben<br>Christoph Lowis, Orgel<\/p>\n\n\n\n<p><strong>Sonntag, 2.&nbsp;Juli&nbsp;2017, 9.15 Uhr<br><\/strong><strong>Frauenfeld<br><\/strong><strong>Evangelische Stadtkirche&nbsp;<\/strong><\/p>\n\n\n\n<p>Gottesdienst mit besonderer musikalischer Gestaltung<br>Werke: &#8222;der Sommer&#8220;&nbsp;aus den &#8222;Vier Jahreszeiten\u201c von Antonio Vivaldi<br>Kateryna Timokhina, Violine<br>Christoph Lowis, Orgel<\/p>\n\n\n\n<p><strong>Sonntag, 2. Juli&nbsp;2016, 17.30 Uhr<br><\/strong><strong>Frauenfeld&nbsp;Oberkirch<br>Kirche St. Laurentius<\/strong><\/p>\n\n\n\n<p>1. Sommerkonzert der Frauenfelder Abendmusiken<br>\u201eelegant und galant\u201c<br>Werke von:&nbsp;W. A. Mozart, J. B. Vanhal, G. F. H\u00e4ndel und J. S. Bach<br>Trio F\u00fcrstenland<br>Josef Gilgenreiner, Kontrabass<br>Christoph Lowis, Orgel<\/p>\n\n\n\n<p><strong>Sonntag, 17. September&nbsp;2017, 17.00 Uhr<br><\/strong><strong>Frauenfeld<br><\/strong><strong>Evangelische Stadtkirche&nbsp;<\/strong><\/p>\n\n\n\n<p>&#8222;Wachet auf!&#8220;<\/p>\n\n\n\n<p>Rezital im Rahmen der Frauenfelder Abendmusiken<br>Werke von: J.&nbsp;Reubke, F. Mendelssohn und M. Reger<br>Christoph Lowis, Orgel<\/p>\n\n\n\n<p><strong>Sonntag, 22. Oktober&nbsp;2016, 20.00 Uhr<br><\/strong><strong>Gondiswil<br>Kirchgemeindehaus<\/strong><\/p>\n\n\n\n<p>Abendgottesdienst<br>Kirchenchor Melchnau<br>Christoph Lowis, Leitung<\/p>\n\n\n\n<p><strong>Sonntag, 12. November&nbsp;2017, 17.00 Uhr<br><\/strong><strong>Frauenfeld<br><\/strong><strong>Evangelische Stadtkirche&nbsp;<\/strong><\/p>\n\n\n\n<p>Tod und Ewigkeit<\/p>\n\n\n\n<p>Orgelstamm des Thurgauer Organistenverbandes<br>Werke von: J. Brahms, F. Schmidt und&nbsp;&nbsp;M. Reger<br>Christoph Lowis, Orgel<\/p>\n\n\n\n<p><strong>Sonntag, 26. November&nbsp;2017, 9.30 Uhr<br><\/strong><strong>Melchnau<br><\/strong><strong>Reformierte Kirche&nbsp;<\/strong><\/p>\n\n\n\n<p>Gottesdienst am Ewigkeitssonntag<br>Kirchenchor Melchnau<br>Christoph Lowis, Leitung<\/p>\n\n\n\n<p><strong>Samstag, 24. Dezember\u00a02017, 22.30\u00a0Uhr<br>Melchnau<br>Reformierte Kirche\u00a0<\/strong><\/p>\n\n\n\n<p>Christnachtfeier<br>Kirchenchor Melchnau<br>Christoph Lowis, Leitung<\/p>\n\n\n\n<p><strong>Montag, 1. Januar 2018, 17.00 Uhr<br><\/strong><strong>Frauenfeld<br><\/strong><strong>Evangelische Stadtkirche&nbsp;<\/strong><\/p>\n\n\n\n<p>Neujahrskonzert<br>Werke von:&nbsp;Liszt, Tschaikowsky, Gigout, Vierne, &nbsp;Piern\u00e9, Ewazon und Guilmant<br>Arwed Peem\u00f6ller, Bassposaune<br>Christoph Lowis, Orgel<\/p>\n","protected":false},"excerpt":{"rendered":"<p>Sonntag, 8. Januar 2017, 9.15 UhrFrauenfeldEvangelische Stadtkirche&nbsp; Gottesdienst mit besonderer musikalischer GestaltungWerke von: J. S. Bach,&nbsp;R. Strauss und P. CorneliusDavide Fior, TenorChristoph Lowis, Orgel Sonntag, 15. Januar 2017, 9.30 UhrGondiswilKirchgemeindehaus GottesdienstKirchenchor MelchnauChristoph Lowis, Leitung Sonntag, 12. Februar&nbsp;2017, 9.15 UhrFrauenfeldEvangelische Stadtkirche&nbsp; Gottesdienst mit besonderer musikalischer GestaltungWerke von:&nbsp;W. A. Mozart, F. Kuhlau und C. Saint-Sa\u00ebnsVreni K\u00fchnle, HornChristoph [&hellip;]<\/p>\n","protected":false},"author":1,"featured_media":0,"parent":0,"menu_order":0,"comment_status":"closed","ping_status":"closed","template":"","meta":{"footnotes":""},"class_list":["post-272","page","type-page","status-publish","hentry"],"_links":{"self":[{"href":"http:\/\/christophlowis.com\/index.php?rest_route=\/wp\/v2\/pages\/272","targetHints":{"allow":["GET"]}}],"collection":[{"href":"http:\/\/christophlowis.com\/index.php?rest_route=\/wp\/v2\/pages"}],"about":[{"href":"http:\/\/christophlowis.com\/index.php?rest_route=\/wp\/v2\/types\/page"}],"author":[{"embeddable":true,"href":"http:\/\/christophlowis.com\/index.php?rest_route=\/wp\/v2\/users\/1"}],"replies":[{"embeddable":true,"href":"http:\/\/christophlowis.com\/index.php?rest_route=%2Fwp%2Fv2%2Fcomments&post=272"}],"version-history":[{"count":2,"href":"http:\/\/christophlowis.com\/index.php?rest_route=\/wp\/v2\/pages\/272\/revisions"}],"predecessor-version":[{"id":281,"href":"http:\/\/christophlowis.com\/index.php?rest_route=\/wp\/v2\/pages\/272\/revisions\/281"}],"wp:attachment":[{"href":"http:\/\/christophlowis.com\/index.php?rest_route=%2Fwp%2Fv2%2Fmedia&parent=272"}],"curies":[{"name":"wp","href":"https:\/\/api.w.org\/{rel}","templated":true}]}}